{"id":20286,"date":"2020-03-02T10:27:05","date_gmt":"2020-03-02T10:27:05","guid":{"rendered":"https:\/\/altamimi-realestate.com\/contact\/"},"modified":"2024-07-06T07:52:40","modified_gmt":"2024-07-06T07:52:40","slug":"contact","status":"publish","type":"page","link":"https:\/\/altamimi-realestate.com\/fr\/contact\/","title":{"rendered":"Contact"},"content":{"rendered":"\t\t<div data-elementor-type=\"wp-page\" data-elementor-id=\"20286\" class=\"elementor elementor-20286 elementor-16941\" data-elementor-post-type=\"page\">\n\t\t\t\t\t\t<section class=\"elementor-section elementor-top-section elementor-element elementor-element-f0ed3c4 elementor-section-height-min-height elementor-section-stretched elementor-section-boxed elementor-section-height-default elementor-section-items-middle\" data-id=\"f0ed3c4\" data-element_type=\"section\" data-settings=\"{&quot;background_background&quot;:&quot;classic&quot;,&quot;stretch_section&quot;:&quot;section-stretched&quot;}\">\n\t\t\t\t\t\t\t<div class=\"elementor-background-overlay\"><\/div>\n\t\t\t\t\t\t\t<div class=\"elementor-container elementor-column-gap-default\">\n\t\t\t\t\t<div class=\"elementor-column elementor-col-100 elementor-top-column elementor-element elementor-element-d515b61\" data-id=\"d515b61\" data-element_type=\"column\">\n\t\t\t<div class=\"elementor-widget-wrap elementor-element-populated\">\n\t\t\t\t\t\t<div class=\"elementor-element elementor-element-285a781 elementor-invisible elementor-widget elementor-widget-heading\" data-id=\"285a781\" data-element_type=\"widget\" data-settings=\"{&quot;_animation&quot;:&quot;fadeIn&quot;}\" data-widget_type=\"heading.default\">\n\t\t\t\t<div class=\"elementor-widget-container\">\n\t\t\t\t\t<h1 class=\"elementor-heading-title elementor-size-default\">Contactez nous<\/h1>\t\t\t\t<\/div>\n\t\t\t\t<\/div>\n\t\t\t\t<div class=\"elementor-element elementor-element-f7af1a1 elementor-invisible elementor-widget elementor-widget-heading\" data-id=\"f7af1a1\" data-element_type=\"widget\" data-settings=\"{&quot;_animation&quot;:&quot;fadeIn&quot;,&quot;_animation_delay&quot;:250}\" data-widget_type=\"heading.default\">\n\t\t\t\t<div class=\"elementor-widget-container\">\n\t\t\t\t\t<div class=\"elementor-heading-title elementor-size-default\">Duba\u00ef - Abu Dhabi - Sharjah - Ajman<\/div>\t\t\t\t<\/div>\n\t\t\t\t<\/div>\n\t\t\t\t\t<\/div>\n\t\t<\/div>\n\t\t\t\t\t<\/div>\n\t\t<\/section>\n\t\t\t\t<section class=\"elementor-section elementor-top-section elementor-element elementor-element-876a5a5 elementor-section-boxed elementor-section-height-default elementor-section-height-default\" data-id=\"876a5a5\" data-element_type=\"section\" data-settings=\"{&quot;background_background&quot;:&quot;gradient&quot;}\">\n\t\t\t\t\t\t<div class=\"elementor-container elementor-column-gap-default\">\n\t\t\t\t\t<div class=\"elementor-column elementor-col-100 elementor-top-column elementor-element elementor-element-5e9eac1\" data-id=\"5e9eac1\" data-element_type=\"column\">\n\t\t\t<div class=\"elementor-widget-wrap elementor-element-populated\">\n\t\t\t\t\t\t<div class=\"elementor-element elementor-element-a3703ef elementor-widget elementor-widget-heading\" data-id=\"a3703ef\" data-element_type=\"widget\" data-widget_type=\"heading.default\">\n\t\t\t\t<div class=\"elementor-widget-container\">\n\t\t\t\t\t<h3 class=\"elementor-heading-title elementor-size-default\">Int\u00e9ress\u00e9 par l'achat d'un nouveau logement ?<\/h3>\t\t\t\t<\/div>\n\t\t\t\t<\/div>\n\t\t\t\t<div class=\"elementor-element elementor-element-a4a464b elementor-widget elementor-widget-text-editor\" data-id=\"a4a464b\" data-element_type=\"widget\" data-widget_type=\"text-editor.default\">\n\t\t\t\t<div class=\"elementor-widget-container\">\n\t\t\t\t\t\t\t\t\t<p>Al Tamimi Real Estate dispose d&#8217;un certain nombre de listes de luxe et d&#8217;exclusivit\u00e9 qui conviennent parfaitement aux clients internationaux.<\/p>\n\t\t\t\t\t\t\t\t<\/div>\n\t\t\t\t<\/div>\n\t\t\t\t<section class=\"elementor-section elementor-inner-section elementor-element elementor-element-755858e elementor-section-full_width elementor-reverse-mobile elementor-reverse-tablet elementor-section-content-middle elementor-section-height-default elementor-section-height-default elementor-invisible\" data-id=\"755858e\" data-element_type=\"section\" data-settings=\"{&quot;background_background&quot;:&quot;classic&quot;,&quot;animation&quot;:&quot;fadeInUp&quot;}\">\n\t\t\t\t\t\t<div class=\"elementor-container elementor-column-gap-no\">\n\t\t\t\t\t<div class=\"elementor-column elementor-col-100 elementor-inner-column elementor-element elementor-element-69773b7\" data-id=\"69773b7\" data-element_type=\"column\">\n\t\t\t<div class=\"elementor-widget-wrap elementor-element-populated\">\n\t\t\t\t\t\t<div class=\"elementor-element elementor-element-0944022 elementor-button-align-stretch elementor-widget elementor-widget-houzez_elementor_inquiry_form\" data-id=\"0944022\" data-element_type=\"widget\" data-widget_type=\"houzez_elementor_inquiry_form.default\">\n\t\t\t\t<div class=\"elementor-widget-container\">\n\t\t\t\t\tPlease install and activate Houzez CRM plugin.\t\t\t\t<\/div>\n\t\t\t\t<\/div>\n\t\t\t\t\t<\/div>\n\t\t<\/div>\n\t\t\t\t\t<\/div>\n\t\t<\/section>\n\t\t\t\t\t<\/div>\n\t\t<\/div>\n\t\t\t\t\t<\/div>\n\t\t<\/section>\n\t\t\t\t<\/div>\n\t\t","protected":false},"excerpt":{"rendered":"<p>Contactez nous Duba\u00ef &#8211; Abu Dhabi &#8211; Sharjah &#8211; Ajman Int\u00e9ress\u00e9 par l&#8217;achat d&#8217;un nouveau logement ? Al Tamimi Real Estate dispose d&#8217;un certain nombre de listes de luxe et d&#8217;exclusivit\u00e9 qui conviennent parfaitement aux clients internationaux. Informations personnelles S\u00e9lectionnezPropri\u00e9taireAgent &nbsp; &nbsp; Informations sur les biens Type Apartment Duplex Penthouse Studio Townhouse Villa &nbsp; Ville [&hellip;]<\/p>\n","protected":false},"author":1,"featured_media":0,"parent":0,"menu_order":0,"comment_status":"closed","ping_status":"closed","template":"template\/template-homepage.php","meta":{"footnotes":""},"class_list":["post-20286","page","type-page","status-publish","hentry"],"yoast_head":"<!-- This site is optimized with the Yoast SEO plugin v27.2 - https:\/\/yoast.com\/product\/yoast-seo-wordpress\/ -->\n<title>Contact - Al Tamimi Real Estate<\/title>\n<meta name=\"robots\" content=\"index, follow, max-snippet:-1, max-image-preview:large, max-video-preview:-1\" \/>\n<link rel=\"canonical\" href=\"https:\/\/altamimi-realestate.com\/contact\/\" \/>\n<meta property=\"og:locale\" content=\"fr_FR\" \/>\n<meta property=\"og:type\" content=\"article\" \/>\n<meta property=\"og:title\" content=\"Contact - Al Tamimi Real Estate\" \/>\n<meta property=\"og:description\" content=\"Contactez nous Duba\u00ef &#8211; Abu Dhabi &#8211; Sharjah &#8211; Ajman Int\u00e9ress\u00e9 par l&#8217;achat d&#8217;un nouveau logement ? Al Tamimi Real Estate dispose d&#8217;un certain nombre de listes de luxe et d&#8217;exclusivit\u00e9 qui conviennent parfaitement aux clients internationaux. Informations personnelles S\u00e9lectionnezPropri\u00e9taireAgent &nbsp; &nbsp; Informations sur les biens Type Apartment Duplex Penthouse Studio Townhouse Villa &nbsp; Ville [&hellip;]\" \/>\n<meta property=\"og:url\" content=\"https:\/\/altamimi-realestate.com\/contact\/\" \/>\n<meta property=\"og:site_name\" content=\"Al Tamimi Real Estate\" \/>\n<meta property=\"article:publisher\" content=\"https:\/\/www.facebook.com\/altamimiirealestate\" \/>\n<meta property=\"article:modified_time\" content=\"2024-07-06T07:52:40+00:00\" \/>\n<meta name=\"twitter:card\" content=\"summary_large_image\" \/>\n<script type=\"application\/ld+json\" class=\"yoast-schema-graph\">{\"@context\":\"https:\/\/schema.org\",\"@graph\":[{\"@type\":\"WebPage\",\"@id\":\"https:\/\/altamimi-realestate.com\/contact\/\",\"url\":\"https:\/\/altamimi-realestate.com\/contact\/\",\"name\":\"Contact - Al Tamimi Real Estate\",\"isPartOf\":{\"@id\":\"https:\/\/altamimi-realestate.com\/fr\/#website\"},\"datePublished\":\"2020-03-02T10:27:05+00:00\",\"dateModified\":\"2024-07-06T07:52:40+00:00\",\"breadcrumb\":{\"@id\":\"https:\/\/altamimi-realestate.com\/contact\/#breadcrumb\"},\"inLanguage\":\"fr-FR\",\"potentialAction\":[{\"@type\":\"ReadAction\",\"target\":[\"https:\/\/altamimi-realestate.com\/contact\/\"]}]},{\"@type\":\"BreadcrumbList\",\"@id\":\"https:\/\/altamimi-realestate.com\/contact\/#breadcrumb\",\"itemListElement\":[{\"@type\":\"ListItem\",\"position\":1,\"name\":\"Home\",\"item\":\"https:\/\/altamimi-realestate.com\/fr\/\"},{\"@type\":\"ListItem\",\"position\":2,\"name\":\"Contact\"}]},{\"@type\":\"WebSite\",\"@id\":\"https:\/\/altamimi-realestate.com\/fr\/#website\",\"url\":\"https:\/\/altamimi-realestate.com\/fr\/\",\"name\":\"altamimi-realestate.com\",\"description\":\"\",\"publisher\":{\"@id\":\"https:\/\/altamimi-realestate.com\/fr\/#organization\"},\"potentialAction\":[{\"@type\":\"SearchAction\",\"target\":{\"@type\":\"EntryPoint\",\"urlTemplate\":\"https:\/\/altamimi-realestate.com\/fr\/?s={search_term_string}\"},\"query-input\":{\"@type\":\"PropertyValueSpecification\",\"valueRequired\":true,\"valueName\":\"search_term_string\"}}],\"inLanguage\":\"fr-FR\"},{\"@type\":\"Organization\",\"@id\":\"https:\/\/altamimi-realestate.com\/fr\/#organization\",\"name\":\"Al Tamimi Real Estate\",\"url\":\"https:\/\/altamimi-realestate.com\/fr\/\",\"logo\":{\"@type\":\"ImageObject\",\"inLanguage\":\"fr-FR\",\"@id\":\"https:\/\/altamimi-realestate.com\/fr\/#\/schema\/logo\/image\/\",\"url\":\"https:\/\/altamimi-realestate.com\/wp-content\/uploads\/2024\/09\/cropped-BRIGHT-1-1.png\",\"contentUrl\":\"https:\/\/altamimi-realestate.com\/wp-content\/uploads\/2024\/09\/cropped-BRIGHT-1-1.png\",\"width\":512,\"height\":512,\"caption\":\"Al Tamimi Real Estate\"},\"image\":{\"@id\":\"https:\/\/altamimi-realestate.com\/fr\/#\/schema\/logo\/image\/\"},\"sameAs\":[\"https:\/\/www.facebook.com\/altamimiirealestate\",\"https:\/\/www.instagram.com\/altamimiirealestate\/?hl=en\"]}]}<\/script>\n<!-- \/ Yoast SEO plugin. -->","yoast_head_json":{"title":"Contact - Al Tamimi Real Estate","robots":{"index":"index","follow":"follow","max-snippet":"max-snippet:-1","max-image-preview":"max-image-preview:large","max-video-preview":"max-video-preview:-1"},"canonical":"https:\/\/altamimi-realestate.com\/contact\/","og_locale":"fr_FR","og_type":"article","og_title":"Contact - Al Tamimi Real Estate","og_description":"Contactez nous Duba\u00ef &#8211; Abu Dhabi &#8211; Sharjah &#8211; Ajman Int\u00e9ress\u00e9 par l&#8217;achat d&#8217;un nouveau logement ? Al Tamimi Real Estate dispose d&#8217;un certain nombre de listes de luxe et d&#8217;exclusivit\u00e9 qui conviennent parfaitement aux clients internationaux. Informations personnelles S\u00e9lectionnezPropri\u00e9taireAgent &nbsp; &nbsp; Informations sur les biens Type Apartment Duplex Penthouse Studio Townhouse Villa &nbsp; Ville [&hellip;]","og_url":"https:\/\/altamimi-realestate.com\/contact\/","og_site_name":"Al Tamimi Real Estate","article_publisher":"https:\/\/www.facebook.com\/altamimiirealestate","article_modified_time":"2024-07-06T07:52:40+00:00","twitter_card":"summary_large_image","schema":{"@context":"https:\/\/schema.org","@graph":[{"@type":"WebPage","@id":"https:\/\/altamimi-realestate.com\/contact\/","url":"https:\/\/altamimi-realestate.com\/contact\/","name":"Contact - Al Tamimi Real Estate","isPartOf":{"@id":"https:\/\/altamimi-realestate.com\/fr\/#website"},"datePublished":"2020-03-02T10:27:05+00:00","dateModified":"2024-07-06T07:52:40+00:00","breadcrumb":{"@id":"https:\/\/altamimi-realestate.com\/contact\/#breadcrumb"},"inLanguage":"fr-FR","potentialAction":[{"@type":"ReadAction","target":["https:\/\/altamimi-realestate.com\/contact\/"]}]},{"@type":"BreadcrumbList","@id":"https:\/\/altamimi-realestate.com\/contact\/#breadcrumb","itemListElement":[{"@type":"ListItem","position":1,"name":"Home","item":"https:\/\/altamimi-realestate.com\/fr\/"},{"@type":"ListItem","position":2,"name":"Contact"}]},{"@type":"WebSite","@id":"https:\/\/altamimi-realestate.com\/fr\/#website","url":"https:\/\/altamimi-realestate.com\/fr\/","name":"altamimi-realestate.com","description":"","publisher":{"@id":"https:\/\/altamimi-realestate.com\/fr\/#organization"},"potentialAction":[{"@type":"SearchAction","target":{"@type":"EntryPoint","urlTemplate":"https:\/\/altamimi-realestate.com\/fr\/?s={search_term_string}"},"query-input":{"@type":"PropertyValueSpecification","valueRequired":true,"valueName":"search_term_string"}}],"inLanguage":"fr-FR"},{"@type":"Organization","@id":"https:\/\/altamimi-realestate.com\/fr\/#organization","name":"Al Tamimi Real Estate","url":"https:\/\/altamimi-realestate.com\/fr\/","logo":{"@type":"ImageObject","inLanguage":"fr-FR","@id":"https:\/\/altamimi-realestate.com\/fr\/#\/schema\/logo\/image\/","url":"https:\/\/altamimi-realestate.com\/wp-content\/uploads\/2024\/09\/cropped-BRIGHT-1-1.png","contentUrl":"https:\/\/altamimi-realestate.com\/wp-content\/uploads\/2024\/09\/cropped-BRIGHT-1-1.png","width":512,"height":512,"caption":"Al Tamimi Real Estate"},"image":{"@id":"https:\/\/altamimi-realestate.com\/fr\/#\/schema\/logo\/image\/"},"sameAs":["https:\/\/www.facebook.com\/altamimiirealestate","https:\/\/www.instagram.com\/altamimiirealestate\/?hl=en"]}]}},"_links":{"self":[{"href":"https:\/\/altamimi-realestate.com\/fr\/wp-json\/wp\/v2\/pages\/20286","targetHints":{"allow":["GET"]}}],"collection":[{"href":"https:\/\/altamimi-realestate.com\/fr\/wp-json\/wp\/v2\/pages"}],"about":[{"href":"https:\/\/altamimi-realestate.com\/fr\/wp-json\/wp\/v2\/types\/page"}],"author":[{"embeddable":true,"href":"https:\/\/altamimi-realestate.com\/fr\/wp-json\/wp\/v2\/users\/1"}],"replies":[{"embeddable":true,"href":"https:\/\/altamimi-realestate.com\/fr\/wp-json\/wp\/v2\/comments?post=20286"}],"version-history":[{"count":1,"href":"https:\/\/altamimi-realestate.com\/fr\/wp-json\/wp\/v2\/pages\/20286\/revisions"}],"predecessor-version":[{"id":20287,"href":"https:\/\/altamimi-realestate.com\/fr\/wp-json\/wp\/v2\/pages\/20286\/revisions\/20287"}],"wp:attachment":[{"href":"https:\/\/altamimi-realestate.com\/fr\/wp-json\/wp\/v2\/media?parent=20286"}],"curies":[{"name":"wp","href":"https:\/\/api.w.org\/{rel}","templated":true}]}}