{"id":20284,"date":"2020-02-24T22:15:15","date_gmt":"2020-02-24T22:15:15","guid":{"rendered":"https:\/\/altamimi-realestate.com\/a-propos-de\/"},"modified":"2024-07-06T07:52:14","modified_gmt":"2024-07-06T07:52:14","slug":"a-propos-de","status":"publish","type":"page","link":"https:\/\/altamimi-realestate.com\/fr\/a-propos-de\/","title":{"rendered":"A propos de"},"content":{"rendered":"\t\t<div data-elementor-type=\"wp-page\" data-elementor-id=\"20284\" class=\"elementor elementor-20284 elementor-16650\" data-elementor-post-type=\"page\">\n\t\t\t\t\t\t<section class=\"elementor-section elementor-top-section elementor-element elementor-element-41104a06 elementor-section-height-min-height elementor-section-stretched elementor-section-items-bottom elementor-section-boxed elementor-section-height-default\" data-id=\"41104a06\" data-element_type=\"section\" data-settings=\"{&quot;background_background&quot;:&quot;classic&quot;,&quot;stretch_section&quot;:&quot;section-stretched&quot;}\">\n\t\t\t\t\t\t\t<div class=\"elementor-background-overlay\"><\/div>\n\t\t\t\t\t\t\t<div class=\"elementor-container elementor-column-gap-default\">\n\t\t\t\t\t<div class=\"elementor-column elementor-col-100 elementor-top-column elementor-element elementor-element-05fe3ed\" data-id=\"05fe3ed\" data-element_type=\"column\">\n\t\t\t<div class=\"elementor-widget-wrap\">\n\t\t\t\t\t\t\t<\/div>\n\t\t<\/div>\n\t\t\t\t\t<\/div>\n\t\t<\/section>\n\t\t<div class=\"elementor-element elementor-element-a107130 e-flex e-con-boxed e-con e-parent\" data-id=\"a107130\" data-element_type=\"container\">\n\t\t\t\t\t<div class=\"e-con-inner\">\n\t\t\t\t<div class=\"elementor-element elementor-element-1bf60e5 elementor-invisible elementor-widget elementor-widget-heading\" data-id=\"1bf60e5\" data-element_type=\"widget\" data-settings=\"{&quot;_animation&quot;:&quot;fadeIn&quot;,&quot;_animation_delay&quot;:250}\" data-widget_type=\"heading.default\">\n\t\t\t\t<div class=\"elementor-widget-container\">\n\t\t\t\t\t<div class=\"elementor-heading-title elementor-size-default\">Bienvenue \u00e0 Al Tamimi Real Estate\n<\/div>\t\t\t\t<\/div>\n\t\t\t\t<\/div>\n\t\t\t\t<div class=\"elementor-element elementor-element-4368967 elementor-invisible elementor-widget elementor-widget-heading\" data-id=\"4368967\" data-element_type=\"widget\" data-settings=\"{&quot;_animation&quot;:&quot;fadeIn&quot;}\" data-widget_type=\"heading.default\">\n\t\t\t\t<div class=\"elementor-widget-container\">\n\t\t\t\t\t<h1 class=\"elementor-heading-title elementor-size-default\">A propos de nous<\/h1>\t\t\t\t<\/div>\n\t\t\t\t<\/div>\n\t\t\t\t<div class=\"elementor-element elementor-element-4244b12 elementor-widget elementor-widget-text-editor\" data-id=\"4244b12\" data-element_type=\"widget\" data-widget_type=\"text-editor.default\">\n\t\t\t\t<div class=\"elementor-widget-container\">\n\t\t\t\t\t\t\t\t\t<p>Votre premi\u00e8re destination pour les propri\u00e9t\u00e9s de luxe et les services de courtage exceptionnels au c\u0153ur de Duba\u00ef.  <br \/>Avec plus de 10 ans d&#8217;exp\u00e9rience, nos professionnels chevronn\u00e9s vous offrent un service de premier ordre,<br \/>en veillant \u00e0 ce que chaque client trouve la maison ou l&#8217;investissement id\u00e9al.<br \/>Chez Al Tamimi, nous sommes fiers de la transparence, de l&#8217;int\u00e9grit\u00e9 et de l&#8217;\u00e9tablissement de relations durables avec nos clients et nos partenaires.  <br \/>Que vous soyez acheteur ou non, notre portefeuille diversifi\u00e9 de biens immobiliers r\u00e9pond \u00e0 des besoins et des pr\u00e9f\u00e9rences vari\u00e9s.<\/p>\n\t\t\t\t\t\t\t\t<\/div>\n\t\t\t\t<\/div>\n\t\t\t\t\t<\/div>\n\t\t\t\t<\/div>\n\t\t<div class=\"elementor-element elementor-element-1d76650 e-flex e-con-boxed e-con e-parent\" data-id=\"1d76650\" data-element_type=\"container\" data-settings=\"{&quot;background_background&quot;:&quot;classic&quot;}\">\n\t\t\t\t\t<div class=\"e-con-inner\">\n\t\t<div class=\"elementor-element elementor-element-b918aac e-con-full e-flex e-con e-child\" data-id=\"b918aac\" data-element_type=\"container\">\n\t\t\t\t<div class=\"elementor-element elementor-element-75ff317 elementor-invisible elementor-widget elementor-widget-heading\" data-id=\"75ff317\" data-element_type=\"widget\" data-settings=\"{&quot;_animation&quot;:&quot;fadeIn&quot;}\" data-widget_type=\"heading.default\">\n\t\t\t\t<div class=\"elementor-widget-container\">\n\t\t\t\t\t<h1 class=\"elementor-heading-title elementor-size-default\">Notre vision<\/h1>\t\t\t\t<\/div>\n\t\t\t\t<\/div>\n\t\t\t\t<div class=\"elementor-element elementor-element-9bcfe1b elementor-widget elementor-widget-text-editor\" data-id=\"9bcfe1b\" data-element_type=\"widget\" data-widget_type=\"text-editor.default\">\n\t\t\t\t<div class=\"elementor-widget-container\">\n\t\t\t\t\t\t\t\t\t<p>Chez Al Tamimi Real Estate, nous visons \u00e0 red\u00e9finir l&#8217;excellence dans le domaine de l&#8217;immobilier gr\u00e2ce \u00e0 un service in\u00e9gal\u00e9 et \u00e0 des solutions innovantes. Nous aspirons \u00e0 devenir le partenaire le plus fiable de Duba\u00ef et des \u00c9mirats arabes unis, connu pour son expertise, sa fiabilit\u00e9 et la satisfaction de ses clients.<\/p>\n\t\t\t\t\t\t\t\t<\/div>\n\t\t\t\t<\/div>\n\t\t\t\t<\/div>\n\t\t<div class=\"elementor-element elementor-element-9850577 e-con-full e-flex e-con e-child\" data-id=\"9850577\" data-element_type=\"container\">\n\t\t\t\t<div class=\"elementor-element elementor-element-c5ed71c elementor-invisible elementor-widget elementor-widget-heading\" data-id=\"c5ed71c\" data-element_type=\"widget\" data-settings=\"{&quot;_animation&quot;:&quot;fadeIn&quot;}\" data-widget_type=\"heading.default\">\n\t\t\t\t<div class=\"elementor-widget-container\">\n\t\t\t\t\t<h1 class=\"elementor-heading-title elementor-size-default\">Notre mission<\/h1>\t\t\t\t<\/div>\n\t\t\t\t<\/div>\n\t\t\t\t<div class=\"elementor-element elementor-element-2f0d863 elementor-widget elementor-widget-text-editor\" data-id=\"2f0d863\" data-element_type=\"widget\" data-widget_type=\"text-editor.default\">\n\t\t\t\t<div class=\"elementor-widget-container\">\n\t\t\t\t\t\t\t\t\t<p>Nous fournissons des solutions immobili\u00e8res sur mesure, en privil\u00e9giant le professionnalisme, l&#8217;int\u00e9grit\u00e9 et un service \u00e0 la client\u00e8le exceptionnel. Gr\u00e2ce \u00e0 notre expertise du march\u00e9 et \u00e0 nos relations avec les promoteurs, nous vous proposons une s\u00e9lection de propri\u00e9t\u00e9s de qualit\u00e9 sup\u00e9rieure qui correspondent aux objectifs de nos clients.<\/p>\n\t\t\t\t\t\t\t\t<\/div>\n\t\t\t\t<\/div>\n\t\t\t\t<\/div>\n\t\t\t\t\t<\/div>\n\t\t\t\t<\/div>\n\t\t\t\t<section class=\"elementor-section elementor-top-section elementor-element elementor-element-cf35556 elementor-section-boxed elementor-section-height-default elementor-section-height-default\" data-id=\"cf35556\" data-element_type=\"section\" data-settings=\"{&quot;background_background&quot;:&quot;gradient&quot;}\">\n\t\t\t\t\t\t<div class=\"elementor-container elementor-column-gap-default\">\n\t\t\t\t\t<div class=\"elementor-column elementor-col-100 elementor-top-column elementor-element elementor-element-8d92e9f\" data-id=\"8d92e9f\" data-element_type=\"column\">\n\t\t\t<div class=\"elementor-widget-wrap elementor-element-populated\">\n\t\t\t\t\t\t<div class=\"elementor-element elementor-element-89d7544 elementor-widget elementor-widget-heading\" data-id=\"89d7544\" data-element_type=\"widget\" data-widget_type=\"heading.default\">\n\t\t\t\t<div class=\"elementor-widget-container\">\n\t\t\t\t\t<h3 class=\"elementor-heading-title elementor-size-default\">Int\u00e9ress\u00e9 par l'achat d'un nouveau logement ?<\/h3>\t\t\t\t<\/div>\n\t\t\t\t<\/div>\n\t\t\t\t<div class=\"elementor-element elementor-element-7ad0fbe elementor-widget elementor-widget-text-editor\" data-id=\"7ad0fbe\" data-element_type=\"widget\" data-widget_type=\"text-editor.default\">\n\t\t\t\t<div class=\"elementor-widget-container\">\n\t\t\t\t\t\t\t\t\t<p>Al Tamimi Real Estate dispose d&#8217;un certain nombre de listes de luxe et d&#8217;exclusivit\u00e9 qui conviennent parfaitement aux clients internationaux.<\/p>\n\t\t\t\t\t\t\t\t<\/div>\n\t\t\t\t<\/div>\n\t\t\t\t<section class=\"elementor-section elementor-inner-section elementor-element elementor-element-c142610 elementor-section-full_width elementor-reverse-mobile elementor-reverse-tablet elementor-section-content-middle elementor-section-height-default elementor-section-height-default elementor-invisible\" data-id=\"c142610\" data-element_type=\"section\" data-settings=\"{&quot;background_background&quot;:&quot;classic&quot;,&quot;animation&quot;:&quot;fadeInUp&quot;}\">\n\t\t\t\t\t\t<div class=\"elementor-container elementor-column-gap-no\">\n\t\t\t\t\t<div class=\"elementor-column elementor-col-100 elementor-inner-column elementor-element elementor-element-28d1812\" data-id=\"28d1812\" data-element_type=\"column\">\n\t\t\t<div class=\"elementor-widget-wrap elementor-element-populated\">\n\t\t\t\t\t\t<div class=\"elementor-element elementor-element-10e1d9c elementor-button-align-stretch elementor-widget elementor-widget-houzez_elementor_inquiry_form\" data-id=\"10e1d9c\" data-element_type=\"widget\" data-widget_type=\"houzez_elementor_inquiry_form.default\">\n\t\t\t\t<div class=\"elementor-widget-container\">\n\t\t\t\t\tPlease install and activate Houzez CRM plugin.\t\t\t\t<\/div>\n\t\t\t\t<\/div>\n\t\t\t\t\t<\/div>\n\t\t<\/div>\n\t\t\t\t\t<\/div>\n\t\t<\/section>\n\t\t\t\t\t<\/div>\n\t\t<\/div>\n\t\t\t\t\t<\/div>\n\t\t<\/section>\n\t\t\t\t<\/div>\n\t\t","protected":false},"excerpt":{"rendered":"<p>Bienvenue \u00e0 Al Tamimi Real Estate A propos de nous Votre premi\u00e8re destination pour les propri\u00e9t\u00e9s de luxe et les services de courtage exceptionnels au c\u0153ur de Duba\u00ef. Avec plus de 10 ans d&#8217;exp\u00e9rience, nos professionnels chevronn\u00e9s vous offrent un service de premier ordre,en veillant \u00e0 ce que chaque client trouve la maison ou l&#8217;investissement [&hellip;]<\/p>\n","protected":false},"author":1,"featured_media":0,"parent":0,"menu_order":0,"comment_status":"closed","ping_status":"closed","template":"template\/template-homepage.php","meta":{"footnotes":""},"class_list":["post-20284","page","type-page","status-publish","hentry"],"yoast_head":"<!-- This site is optimized with the Yoast SEO plugin v27.2 - https:\/\/yoast.com\/product\/yoast-seo-wordpress\/ -->\n<title>A propos de - Al Tamimi Real Estate<\/title>\n<meta name=\"robots\" content=\"index, follow, max-snippet:-1, max-image-preview:large, max-video-preview:-1\" \/>\n<link rel=\"canonical\" href=\"https:\/\/altamimi-realestate.com\/about\/\" \/>\n<meta property=\"og:locale\" content=\"fr_FR\" \/>\n<meta property=\"og:type\" content=\"article\" \/>\n<meta property=\"og:title\" content=\"A propos de - Al Tamimi Real Estate\" \/>\n<meta property=\"og:description\" content=\"Bienvenue \u00e0 Al Tamimi Real Estate A propos de nous Votre premi\u00e8re destination pour les propri\u00e9t\u00e9s de luxe et les services de courtage exceptionnels au c\u0153ur de Duba\u00ef. Avec plus de 10 ans d&#8217;exp\u00e9rience, nos professionnels chevronn\u00e9s vous offrent un service de premier ordre,en veillant \u00e0 ce que chaque client trouve la maison ou l&#8217;investissement [&hellip;]\" \/>\n<meta property=\"og:url\" content=\"https:\/\/altamimi-realestate.com\/about\/\" \/>\n<meta property=\"og:site_name\" content=\"Al Tamimi Real Estate\" \/>\n<meta property=\"article:publisher\" content=\"https:\/\/www.facebook.com\/altamimiirealestate\" \/>\n<meta property=\"article:modified_time\" content=\"2024-07-06T07:52:14+00:00\" \/>\n<meta name=\"twitter:card\" content=\"summary_large_image\" \/>\n<meta name=\"twitter:label1\" content=\"Dur\u00e9e de lecture estim\u00e9e\" \/>\n\t<meta name=\"twitter:data1\" content=\"1 minute\" \/>\n<script type=\"application\/ld+json\" class=\"yoast-schema-graph\">{\"@context\":\"https:\/\/schema.org\",\"@graph\":[{\"@type\":\"WebPage\",\"@id\":\"https:\/\/altamimi-realestate.com\/about\/\",\"url\":\"https:\/\/altamimi-realestate.com\/about\/\",\"name\":\"A propos de - Al Tamimi Real Estate\",\"isPartOf\":{\"@id\":\"https:\/\/altamimi-realestate.com\/fr\/#website\"},\"datePublished\":\"2020-02-24T22:15:15+00:00\",\"dateModified\":\"2024-07-06T07:52:14+00:00\",\"breadcrumb\":{\"@id\":\"https:\/\/altamimi-realestate.com\/about\/#breadcrumb\"},\"inLanguage\":\"fr-FR\",\"potentialAction\":[{\"@type\":\"ReadAction\",\"target\":[\"https:\/\/altamimi-realestate.com\/about\/\"]}]},{\"@type\":\"BreadcrumbList\",\"@id\":\"https:\/\/altamimi-realestate.com\/about\/#breadcrumb\",\"itemListElement\":[{\"@type\":\"ListItem\",\"position\":1,\"name\":\"Home\",\"item\":\"https:\/\/altamimi-realestate.com\/fr\/\"},{\"@type\":\"ListItem\",\"position\":2,\"name\":\"A propos de\"}]},{\"@type\":\"WebSite\",\"@id\":\"https:\/\/altamimi-realestate.com\/fr\/#website\",\"url\":\"https:\/\/altamimi-realestate.com\/fr\/\",\"name\":\"altamimi-realestate.com\",\"description\":\"\",\"publisher\":{\"@id\":\"https:\/\/altamimi-realestate.com\/fr\/#organization\"},\"potentialAction\":[{\"@type\":\"SearchAction\",\"target\":{\"@type\":\"EntryPoint\",\"urlTemplate\":\"https:\/\/altamimi-realestate.com\/fr\/?s={search_term_string}\"},\"query-input\":{\"@type\":\"PropertyValueSpecification\",\"valueRequired\":true,\"valueName\":\"search_term_string\"}}],\"inLanguage\":\"fr-FR\"},{\"@type\":\"Organization\",\"@id\":\"https:\/\/altamimi-realestate.com\/fr\/#organization\",\"name\":\"Al Tamimi Real Estate\",\"url\":\"https:\/\/altamimi-realestate.com\/fr\/\",\"logo\":{\"@type\":\"ImageObject\",\"inLanguage\":\"fr-FR\",\"@id\":\"https:\/\/altamimi-realestate.com\/fr\/#\/schema\/logo\/image\/\",\"url\":\"https:\/\/altamimi-realestate.com\/wp-content\/uploads\/2024\/09\/cropped-BRIGHT-1-1.png\",\"contentUrl\":\"https:\/\/altamimi-realestate.com\/wp-content\/uploads\/2024\/09\/cropped-BRIGHT-1-1.png\",\"width\":512,\"height\":512,\"caption\":\"Al Tamimi Real Estate\"},\"image\":{\"@id\":\"https:\/\/altamimi-realestate.com\/fr\/#\/schema\/logo\/image\/\"},\"sameAs\":[\"https:\/\/www.facebook.com\/altamimiirealestate\",\"https:\/\/www.instagram.com\/altamimiirealestate\/?hl=en\"]}]}<\/script>\n<!-- \/ Yoast SEO plugin. -->","yoast_head_json":{"title":"A propos de - Al Tamimi Real Estate","robots":{"index":"index","follow":"follow","max-snippet":"max-snippet:-1","max-image-preview":"max-image-preview:large","max-video-preview":"max-video-preview:-1"},"canonical":"https:\/\/altamimi-realestate.com\/about\/","og_locale":"fr_FR","og_type":"article","og_title":"A propos de - Al Tamimi Real Estate","og_description":"Bienvenue \u00e0 Al Tamimi Real Estate A propos de nous Votre premi\u00e8re destination pour les propri\u00e9t\u00e9s de luxe et les services de courtage exceptionnels au c\u0153ur de Duba\u00ef. Avec plus de 10 ans d&#8217;exp\u00e9rience, nos professionnels chevronn\u00e9s vous offrent un service de premier ordre,en veillant \u00e0 ce que chaque client trouve la maison ou l&#8217;investissement [&hellip;]","og_url":"https:\/\/altamimi-realestate.com\/about\/","og_site_name":"Al Tamimi Real Estate","article_publisher":"https:\/\/www.facebook.com\/altamimiirealestate","article_modified_time":"2024-07-06T07:52:14+00:00","twitter_card":"summary_large_image","twitter_misc":{"Dur\u00e9e de lecture estim\u00e9e":"1 minute"},"schema":{"@context":"https:\/\/schema.org","@graph":[{"@type":"WebPage","@id":"https:\/\/altamimi-realestate.com\/about\/","url":"https:\/\/altamimi-realestate.com\/about\/","name":"A propos de - Al Tamimi Real Estate","isPartOf":{"@id":"https:\/\/altamimi-realestate.com\/fr\/#website"},"datePublished":"2020-02-24T22:15:15+00:00","dateModified":"2024-07-06T07:52:14+00:00","breadcrumb":{"@id":"https:\/\/altamimi-realestate.com\/about\/#breadcrumb"},"inLanguage":"fr-FR","potentialAction":[{"@type":"ReadAction","target":["https:\/\/altamimi-realestate.com\/about\/"]}]},{"@type":"BreadcrumbList","@id":"https:\/\/altamimi-realestate.com\/about\/#breadcrumb","itemListElement":[{"@type":"ListItem","position":1,"name":"Home","item":"https:\/\/altamimi-realestate.com\/fr\/"},{"@type":"ListItem","position":2,"name":"A propos de"}]},{"@type":"WebSite","@id":"https:\/\/altamimi-realestate.com\/fr\/#website","url":"https:\/\/altamimi-realestate.com\/fr\/","name":"altamimi-realestate.com","description":"","publisher":{"@id":"https:\/\/altamimi-realestate.com\/fr\/#organization"},"potentialAction":[{"@type":"SearchAction","target":{"@type":"EntryPoint","urlTemplate":"https:\/\/altamimi-realestate.com\/fr\/?s={search_term_string}"},"query-input":{"@type":"PropertyValueSpecification","valueRequired":true,"valueName":"search_term_string"}}],"inLanguage":"fr-FR"},{"@type":"Organization","@id":"https:\/\/altamimi-realestate.com\/fr\/#organization","name":"Al Tamimi Real Estate","url":"https:\/\/altamimi-realestate.com\/fr\/","logo":{"@type":"ImageObject","inLanguage":"fr-FR","@id":"https:\/\/altamimi-realestate.com\/fr\/#\/schema\/logo\/image\/","url":"https:\/\/altamimi-realestate.com\/wp-content\/uploads\/2024\/09\/cropped-BRIGHT-1-1.png","contentUrl":"https:\/\/altamimi-realestate.com\/wp-content\/uploads\/2024\/09\/cropped-BRIGHT-1-1.png","width":512,"height":512,"caption":"Al Tamimi Real Estate"},"image":{"@id":"https:\/\/altamimi-realestate.com\/fr\/#\/schema\/logo\/image\/"},"sameAs":["https:\/\/www.facebook.com\/altamimiirealestate","https:\/\/www.instagram.com\/altamimiirealestate\/?hl=en"]}]}},"_links":{"self":[{"href":"https:\/\/altamimi-realestate.com\/fr\/wp-json\/wp\/v2\/pages\/20284","targetHints":{"allow":["GET"]}}],"collection":[{"href":"https:\/\/altamimi-realestate.com\/fr\/wp-json\/wp\/v2\/pages"}],"about":[{"href":"https:\/\/altamimi-realestate.com\/fr\/wp-json\/wp\/v2\/types\/page"}],"author":[{"embeddable":true,"href":"https:\/\/altamimi-realestate.com\/fr\/wp-json\/wp\/v2\/users\/1"}],"replies":[{"embeddable":true,"href":"https:\/\/altamimi-realestate.com\/fr\/wp-json\/wp\/v2\/comments?post=20284"}],"version-history":[{"count":1,"href":"https:\/\/altamimi-realestate.com\/fr\/wp-json\/wp\/v2\/pages\/20284\/revisions"}],"predecessor-version":[{"id":20285,"href":"https:\/\/altamimi-realestate.com\/fr\/wp-json\/wp\/v2\/pages\/20284\/revisions\/20285"}],"wp:attachment":[{"href":"https:\/\/altamimi-realestate.com\/fr\/wp-json\/wp\/v2\/media?parent=20284"}],"curies":[{"name":"wp","href":"https:\/\/api.w.org\/{rel}","templated":true}]}}