{"id":20279,"date":"2024-07-06T07:32:25","date_gmt":"2024-07-06T07:32:25","guid":{"rendered":"https:\/\/altamimi-realestate.com\/proprietes-a-vendre-aux-emirats-arabes-unis\/studios-a-vendre-aux-emirats-arabes-unis\/"},"modified":"2024-07-06T07:51:12","modified_gmt":"2024-07-06T07:51:12","slug":"studios-a-vendre-aux-emirats-arabes-unis","status":"publish","type":"page","link":"https:\/\/altamimi-realestate.com\/fr\/proprietes-a-vendre-aux-emirats-arabes-unis\/studios-a-vendre-aux-emirats-arabes-unis\/","title":{"rendered":"Studios \u00e0 vendre aux \u00c9mirats arabes unis"},"content":{"rendered":"\n<p>Trouvez des studios \u00e0 vendre dans les \u00c9mirats arabes unis avec les frais de service, les plans d&#8217;\u00e9tage et les d\u00e9tails de l&#8217;hypoth\u00e8que. Achetez un bien immobilier aux \u00c9mirats arabes unis \u00e0 des fins d&#8217;investissement ou pour vous y installer.<\/p>\n","protected":false},"excerpt":{"rendered":"<p>Trouvez des studios \u00e0 vendre dans les \u00c9mirats arabes unis avec les frais de service, les plans d&#8217;\u00e9tage et les d\u00e9tails de l&#8217;hypoth\u00e8que. Achetez un bien immobilier aux \u00c9mirats arabes unis \u00e0 des fins d&#8217;investissement ou pour vous y installer.<\/p>\n","protected":false},"author":1,"featured_media":19868,"parent":20273,"menu_order":0,"comment_status":"closed","ping_status":"closed","template":"template\/template-listing-grid-v7.php","meta":{"footnotes":""},"class_list":["post-20279","page","type-page","status-publish","has-post-thumbnail","hentry"],"yoast_head":"<!-- This site is optimized with the Yoast SEO plugin v27.2 - https:\/\/yoast.com\/product\/yoast-seo-wordpress\/ -->\n<title>Studios \u00e0 vendre aux \u00c9mirats arabes unis - Al Tamimi Real Estate<\/title>\n<meta name=\"robots\" content=\"index, follow, max-snippet:-1, max-image-preview:large, max-video-preview:-1\" \/>\n<link rel=\"canonical\" href=\"https:\/\/altamimi-realestate.com\/properties\/studios-for-sale-in-uae\/\" \/>\n<meta property=\"og:locale\" content=\"fr_FR\" \/>\n<meta property=\"og:type\" content=\"article\" \/>\n<meta property=\"og:title\" content=\"Studios \u00e0 vendre aux \u00c9mirats arabes unis - Al Tamimi Real Estate\" \/>\n<meta property=\"og:description\" content=\"Trouvez des studios \u00e0 vendre dans les \u00c9mirats arabes unis avec les frais de service, les plans d&#8217;\u00e9tage et les d\u00e9tails de l&#8217;hypoth\u00e8que. Achetez un bien immobilier aux \u00c9mirats arabes unis \u00e0 des fins d&#8217;investissement ou pour vous y installer.\" \/>\n<meta property=\"og:url\" content=\"https:\/\/altamimi-realestate.com\/properties\/studios-for-sale-in-uae\/\" \/>\n<meta property=\"og:site_name\" content=\"Al Tamimi Real Estate\" \/>\n<meta property=\"article:publisher\" content=\"https:\/\/www.facebook.com\/altamimiirealestate\" \/>\n<meta property=\"article:modified_time\" content=\"2024-07-06T07:51:12+00:00\" \/>\n<meta property=\"og:image\" content=\"https:\/\/altamimi-realestate.com\/wp-content\/uploads\/2024\/06\/6-1.webp\" \/>\n\t<meta property=\"og:image:width\" content=\"2435\" \/>\n\t<meta property=\"og:image:height\" content=\"1497\" \/>\n\t<meta property=\"og:image:type\" content=\"image\/webp\" \/>\n<meta name=\"twitter:card\" content=\"summary_large_image\" \/>\n<script type=\"application\/ld+json\" class=\"yoast-schema-graph\">{\"@context\":\"https:\/\/schema.org\",\"@graph\":[{\"@type\":\"WebPage\",\"@id\":\"https:\/\/altamimi-realestate.com\/properties\/studios-for-sale-in-uae\/\",\"url\":\"https:\/\/altamimi-realestate.com\/properties\/studios-for-sale-in-uae\/\",\"name\":\"Studios \u00e0 vendre aux \u00c9mirats arabes unis - Al Tamimi Real Estate\",\"isPartOf\":{\"@id\":\"https:\/\/altamimi-realestate.com\/fr\/#website\"},\"primaryImageOfPage\":{\"@id\":\"https:\/\/altamimi-realestate.com\/properties\/studios-for-sale-in-uae\/#primaryimage\"},\"image\":{\"@id\":\"https:\/\/altamimi-realestate.com\/properties\/studios-for-sale-in-uae\/#primaryimage\"},\"thumbnailUrl\":\"https:\/\/altamimi-realestate.com\/wp-content\/uploads\/2024\/06\/6-1.webp\",\"datePublished\":\"2024-07-06T07:32:25+00:00\",\"dateModified\":\"2024-07-06T07:51:12+00:00\",\"breadcrumb\":{\"@id\":\"https:\/\/altamimi-realestate.com\/properties\/studios-for-sale-in-uae\/#breadcrumb\"},\"inLanguage\":\"fr-FR\",\"potentialAction\":[{\"@type\":\"ReadAction\",\"target\":[\"https:\/\/altamimi-realestate.com\/properties\/studios-for-sale-in-uae\/\"]}]},{\"@type\":\"ImageObject\",\"inLanguage\":\"fr-FR\",\"@id\":\"https:\/\/altamimi-realestate.com\/properties\/studios-for-sale-in-uae\/#primaryimage\",\"url\":\"https:\/\/altamimi-realestate.com\/wp-content\/uploads\/2024\/06\/6-1.webp\",\"contentUrl\":\"https:\/\/altamimi-realestate.com\/wp-content\/uploads\/2024\/06\/6-1.webp\",\"width\":2435,\"height\":1497},{\"@type\":\"BreadcrumbList\",\"@id\":\"https:\/\/altamimi-realestate.com\/properties\/studios-for-sale-in-uae\/#breadcrumb\",\"itemListElement\":[{\"@type\":\"ListItem\",\"position\":1,\"name\":\"Home\",\"item\":\"https:\/\/altamimi-realestate.com\/fr\/\"},{\"@type\":\"ListItem\",\"position\":2,\"name\":\"Propri\u00e9t\u00e9s \u00e0 vendre aux \u00c9mirats arabes unis\",\"item\":\"https:\/\/altamimi-realestate.com\/properties\/\"},{\"@type\":\"ListItem\",\"position\":3,\"name\":\"Studios \u00e0 vendre aux \u00c9mirats arabes unis\"}]},{\"@type\":\"WebSite\",\"@id\":\"https:\/\/altamimi-realestate.com\/fr\/#website\",\"url\":\"https:\/\/altamimi-realestate.com\/fr\/\",\"name\":\"altamimi-realestate.com\",\"description\":\"\",\"publisher\":{\"@id\":\"https:\/\/altamimi-realestate.com\/fr\/#organization\"},\"potentialAction\":[{\"@type\":\"SearchAction\",\"target\":{\"@type\":\"EntryPoint\",\"urlTemplate\":\"https:\/\/altamimi-realestate.com\/fr\/?s={search_term_string}\"},\"query-input\":{\"@type\":\"PropertyValueSpecification\",\"valueRequired\":true,\"valueName\":\"search_term_string\"}}],\"inLanguage\":\"fr-FR\"},{\"@type\":\"Organization\",\"@id\":\"https:\/\/altamimi-realestate.com\/fr\/#organization\",\"name\":\"Al Tamimi Real Estate\",\"url\":\"https:\/\/altamimi-realestate.com\/fr\/\",\"logo\":{\"@type\":\"ImageObject\",\"inLanguage\":\"fr-FR\",\"@id\":\"https:\/\/altamimi-realestate.com\/fr\/#\/schema\/logo\/image\/\",\"url\":\"https:\/\/altamimi-realestate.com\/wp-content\/uploads\/2024\/09\/cropped-BRIGHT-1-1.png\",\"contentUrl\":\"https:\/\/altamimi-realestate.com\/wp-content\/uploads\/2024\/09\/cropped-BRIGHT-1-1.png\",\"width\":512,\"height\":512,\"caption\":\"Al Tamimi Real Estate\"},\"image\":{\"@id\":\"https:\/\/altamimi-realestate.com\/fr\/#\/schema\/logo\/image\/\"},\"sameAs\":[\"https:\/\/www.facebook.com\/altamimiirealestate\",\"https:\/\/www.instagram.com\/altamimiirealestate\/?hl=en\"]}]}<\/script>\n<!-- \/ Yoast SEO plugin. -->","yoast_head_json":{"title":"Studios \u00e0 vendre aux \u00c9mirats arabes unis - Al Tamimi Real Estate","robots":{"index":"index","follow":"follow","max-snippet":"max-snippet:-1","max-image-preview":"max-image-preview:large","max-video-preview":"max-video-preview:-1"},"canonical":"https:\/\/altamimi-realestate.com\/properties\/studios-for-sale-in-uae\/","og_locale":"fr_FR","og_type":"article","og_title":"Studios \u00e0 vendre aux \u00c9mirats arabes unis - Al Tamimi Real Estate","og_description":"Trouvez des studios \u00e0 vendre dans les \u00c9mirats arabes unis avec les frais de service, les plans d&#8217;\u00e9tage et les d\u00e9tails de l&#8217;hypoth\u00e8que. Achetez un bien immobilier aux \u00c9mirats arabes unis \u00e0 des fins d&#8217;investissement ou pour vous y installer.","og_url":"https:\/\/altamimi-realestate.com\/properties\/studios-for-sale-in-uae\/","og_site_name":"Al Tamimi Real Estate","article_publisher":"https:\/\/www.facebook.com\/altamimiirealestate","article_modified_time":"2024-07-06T07:51:12+00:00","og_image":[{"width":2435,"height":1497,"url":"https:\/\/altamimi-realestate.com\/wp-content\/uploads\/2024\/06\/6-1.webp","type":"image\/webp"}],"twitter_card":"summary_large_image","schema":{"@context":"https:\/\/schema.org","@graph":[{"@type":"WebPage","@id":"https:\/\/altamimi-realestate.com\/properties\/studios-for-sale-in-uae\/","url":"https:\/\/altamimi-realestate.com\/properties\/studios-for-sale-in-uae\/","name":"Studios \u00e0 vendre aux \u00c9mirats arabes unis - Al Tamimi Real Estate","isPartOf":{"@id":"https:\/\/altamimi-realestate.com\/fr\/#website"},"primaryImageOfPage":{"@id":"https:\/\/altamimi-realestate.com\/properties\/studios-for-sale-in-uae\/#primaryimage"},"image":{"@id":"https:\/\/altamimi-realestate.com\/properties\/studios-for-sale-in-uae\/#primaryimage"},"thumbnailUrl":"https:\/\/altamimi-realestate.com\/wp-content\/uploads\/2024\/06\/6-1.webp","datePublished":"2024-07-06T07:32:25+00:00","dateModified":"2024-07-06T07:51:12+00:00","breadcrumb":{"@id":"https:\/\/altamimi-realestate.com\/properties\/studios-for-sale-in-uae\/#breadcrumb"},"inLanguage":"fr-FR","potentialAction":[{"@type":"ReadAction","target":["https:\/\/altamimi-realestate.com\/properties\/studios-for-sale-in-uae\/"]}]},{"@type":"ImageObject","inLanguage":"fr-FR","@id":"https:\/\/altamimi-realestate.com\/properties\/studios-for-sale-in-uae\/#primaryimage","url":"https:\/\/altamimi-realestate.com\/wp-content\/uploads\/2024\/06\/6-1.webp","contentUrl":"https:\/\/altamimi-realestate.com\/wp-content\/uploads\/2024\/06\/6-1.webp","width":2435,"height":1497},{"@type":"BreadcrumbList","@id":"https:\/\/altamimi-realestate.com\/properties\/studios-for-sale-in-uae\/#breadcrumb","itemListElement":[{"@type":"ListItem","position":1,"name":"Home","item":"https:\/\/altamimi-realestate.com\/fr\/"},{"@type":"ListItem","position":2,"name":"Propri\u00e9t\u00e9s \u00e0 vendre aux \u00c9mirats arabes unis","item":"https:\/\/altamimi-realestate.com\/properties\/"},{"@type":"ListItem","position":3,"name":"Studios \u00e0 vendre aux \u00c9mirats arabes unis"}]},{"@type":"WebSite","@id":"https:\/\/altamimi-realestate.com\/fr\/#website","url":"https:\/\/altamimi-realestate.com\/fr\/","name":"altamimi-realestate.com","description":"","publisher":{"@id":"https:\/\/altamimi-realestate.com\/fr\/#organization"},"potentialAction":[{"@type":"SearchAction","target":{"@type":"EntryPoint","urlTemplate":"https:\/\/altamimi-realestate.com\/fr\/?s={search_term_string}"},"query-input":{"@type":"PropertyValueSpecification","valueRequired":true,"valueName":"search_term_string"}}],"inLanguage":"fr-FR"},{"@type":"Organization","@id":"https:\/\/altamimi-realestate.com\/fr\/#organization","name":"Al Tamimi Real Estate","url":"https:\/\/altamimi-realestate.com\/fr\/","logo":{"@type":"ImageObject","inLanguage":"fr-FR","@id":"https:\/\/altamimi-realestate.com\/fr\/#\/schema\/logo\/image\/","url":"https:\/\/altamimi-realestate.com\/wp-content\/uploads\/2024\/09\/cropped-BRIGHT-1-1.png","contentUrl":"https:\/\/altamimi-realestate.com\/wp-content\/uploads\/2024\/09\/cropped-BRIGHT-1-1.png","width":512,"height":512,"caption":"Al Tamimi Real Estate"},"image":{"@id":"https:\/\/altamimi-realestate.com\/fr\/#\/schema\/logo\/image\/"},"sameAs":["https:\/\/www.facebook.com\/altamimiirealestate","https:\/\/www.instagram.com\/altamimiirealestate\/?hl=en"]}]}},"_links":{"self":[{"href":"https:\/\/altamimi-realestate.com\/fr\/wp-json\/wp\/v2\/pages\/20279","targetHints":{"allow":["GET"]}}],"collection":[{"href":"https:\/\/altamimi-realestate.com\/fr\/wp-json\/wp\/v2\/pages"}],"about":[{"href":"https:\/\/altamimi-realestate.com\/fr\/wp-json\/wp\/v2\/types\/page"}],"author":[{"embeddable":true,"href":"https:\/\/altamimi-realestate.com\/fr\/wp-json\/wp\/v2\/users\/1"}],"replies":[{"embeddable":true,"href":"https:\/\/altamimi-realestate.com\/fr\/wp-json\/wp\/v2\/comments?post=20279"}],"version-history":[{"count":1,"href":"https:\/\/altamimi-realestate.com\/fr\/wp-json\/wp\/v2\/pages\/20279\/revisions"}],"predecessor-version":[{"id":20280,"href":"https:\/\/altamimi-realestate.com\/fr\/wp-json\/wp\/v2\/pages\/20279\/revisions\/20280"}],"up":[{"embeddable":true,"href":"https:\/\/altamimi-realestate.com\/fr\/wp-json\/wp\/v2\/pages\/20273"}],"wp:featuredmedia":[{"embeddable":true,"href":"https:\/\/altamimi-realestate.com\/fr\/wp-json\/wp\/v2\/media\/19868"}],"wp:attachment":[{"href":"https:\/\/altamimi-realestate.com\/fr\/wp-json\/wp\/v2\/media?parent=20279"}],"curies":[{"name":"wp","href":"https:\/\/api.w.org\/{rel}","templated":true}]}}